{"id":760,"date":"2025-09-16T08:27:41","date_gmt":"2025-09-16T08:27:41","guid":{"rendered":"https:\/\/glynisgermanfunerals.com\/conoce-a-glynis\/"},"modified":"2025-12-19T11:29:22","modified_gmt":"2025-12-19T10:29:22","slug":"conoce-a-glynis","status":"publish","type":"page","link":"https:\/\/glynisgermanfunerals.com\/es\/conoce-a-glynis\/","title":{"rendered":"Conoce a Glynis"},"content":{"rendered":"<p>[et_pb_section fb_built=\u00bb1&#8243; custom_padding_last_edited=\u00bbon|phone\u00bb _builder_version=\u00bb4.27.4&#8243; _module_preset=\u00bbdefault\u00bb background_enable_color=\u00bboff\u00bb use_background_color_gradient=\u00bbon\u00bb background_color_gradient_direction=\u00bb160deg\u00bb background_color_gradient_stops=\u00bb#ffffff 0%|rgba(255,255,255,0) 61%\u00bb background_color_gradient_overlays_image=\u00bbon\u00bb background_image=\u00bbhttps:\/\/glynisgermanfunerals.com\/wp-content\/uploads\/2025\/07\/glynis-german-funerals-mallorca-71.jpg\u00bb background_position=\u00bbtop_center\u00bb background_vertical_offset=\u00bb68%\u00bb custom_padding=\u00bb11vh||22vh||false|false\u00bb custom_padding_tablet=\u00bb11vh||22vh||false|false\u00bb custom_padding_phone=\u00bb24vh||1vh||false|false\u00bb background_last_edited=\u00bbon|phone\u00bb background_position_phone=\u00bbtop_right\u00bb background_horizontal_offset_phone=\u00bb24%\u00bb global_colors_info=\u00bb{}\u00bb][et_pb_row column_structure=\u00bb1_2,1_2&#8243; make_equal=\u00bbon\u00bb _builder_version=\u00bb4.27.4&#8243; _module_preset=\u00bbdefault\u00bb width=\u00bb90%\u00bb global_colors_info=\u00bb{}\u00bb][et_pb_column type=\u00bb1_2&#8243; _builder_version=\u00bb4.24.3&#8243; _module_preset=\u00bbdefault\u00bb custom_css_main_element=\u00bbmargin:auto;\u00bb global_colors_info=\u00bb{}\u00bb][et_pb_text module_class=\u00bbhero\u00bb _builder_version=\u00bb4.27.4&#8243; _module_preset=\u00bbe1231a1f-853b-4aa9-bf40-6992d4ecd0d7&#8243; header_font_size=\u00bb2vw\u00bb width_tablet=\u00bb65%\u00bb width_phone=\u00bb85%\u00bb width_last_edited=\u00bbon|phone\u00bb header_font_size_tablet=\u00bb4vw\u00bb header_font_size_phone=\u00bb7vw\u00bb header_font_size_last_edited=\u00bbon|tablet\u00bb locked=\u00bboff\u00bb global_colors_info=\u00bb{}\u00bb]<\/p>\n<h1>Conoce a Glynis<\/h1>\n<h2>Doula para final de la vida, celebrante y tu compa\u00f1ero en los momentos m\u00e1s conmovedores de la vida.<\/h2>\n<p>[\/et_pb_text][et_pb_button button_url=\u00bb@ET-DC@eyJkeW5hbWljIjp0cnVlLCJjb250ZW50IjoicG9zdF9saW5rX3VybF9wYWdlIiwic2V0dGluZ3MiOnsicG9zdF9pZCI6IjIwIiwiZW5hYmxlX2h0bWwiOiJvZmYifX0=@\u00bb button_text=\u00bbContactar conmigo\u00bb _builder_version=\u00bb4.27.4&#8243; _dynamic_attributes=\u00bbbutton_url\u00bb _module_preset=\u00bb3b4ba22f-a751-4319-9321-2f66d685df75&#8243; global_colors_info=\u00bb{}\u00bb][\/et_pb_button][\/et_pb_column][et_pb_column type=\u00bb1_2&#8243; _builder_version=\u00bb4.24.3&#8243; _module_preset=\u00bbdefault\u00bb custom_css_main_element=\u00bbmargin:auto;\u00bb global_colors_info=\u00bb{}\u00bb][\/et_pb_column][\/et_pb_row][\/et_pb_section][et_pb_section fb_built=\u00bb1&#8243; _builder_version=\u00bb4.27.4&#8243; _module_preset=\u00bbdefault\u00bb background_color=\u00bb#592131&#8243; custom_padding=\u00bb0px||0px||true|false\u00bb global_colors_info=\u00bb{%22gcid-2afa5ccb-ee6c-405d-b85f-b4061be51e62%22:%91%22background_color%22%93}\u00bb][et_pb_row column_structure=\u00bb1_3,1_3,1_3&#8243; _builder_version=\u00bb4.27.4&#8243; _module_preset=\u00bbdefault\u00bb global_colors_info=\u00bb{}\u00bb][et_pb_column type=\u00bb1_3&#8243; _builder_version=\u00bb4.16&#8243; _module_preset=\u00bbdefault\u00bb global_colors_info=\u00bb{}\u00bb][et_pb_text _builder_version=\u00bb4.27.4&#8243; _module_preset=\u00bbdefault\u00bb text_font=\u00bb|600||on|||||\u00bb text_orientation=\u00bbcenter\u00bb background_layout=\u00bbdark\u00bb global_colors_info=\u00bb{}\u00bb]Funerales[\/et_pb_text][\/et_pb_column][et_pb_column type=\u00bb1_3&#8243; _builder_version=\u00bb4.16&#8243; _module_preset=\u00bbdefault\u00bb global_colors_info=\u00bb{}\u00bb][et_pb_text _builder_version=\u00bb4.27.4&#8243; _module_preset=\u00bbdefault\u00bb text_font=\u00bb|600||on|||||\u00bb text_orientation=\u00bbcenter\u00bb background_layout=\u00bbdark\u00bb global_colors_info=\u00bb{}\u00bb]Duelo[\/et_pb_text][\/et_pb_column][et_pb_column type=\u00bb1_3&#8243; _builder_version=\u00bb4.16&#8243; _module_preset=\u00bbdefault\u00bb global_colors_info=\u00bb{}\u00bb][et_pb_text _builder_version=\u00bb4.27.4&#8243; _module_preset=\u00bbdefault\u00bb text_font=\u00bb|600||on|||||\u00bb text_orientation=\u00bbcenter\u00bb background_layout=\u00bbdark\u00bb global_colors_info=\u00bb{}\u00bb]Fin de la vida[\/et_pb_text][\/et_pb_column][\/et_pb_row][\/et_pb_section][et_pb_section fb_built=\u00bb1&#8243; _builder_version=\u00bb4.25.1&#8243; _module_preset=\u00bbdefault\u00bb background_color=\u00bb#FFFFFF\u00bb global_colors_info=\u00bb{}\u00bb][et_pb_row make_equal=\u00bbon\u00bb _builder_version=\u00bb4.24.3&#8243; _module_preset=\u00bbdefault\u00bb global_colors_info=\u00bb{}\u00bb][et_pb_column type=\u00bb4_4&#8243; _builder_version=\u00bb4.24.3&#8243; _module_preset=\u00bbdefault\u00bb custom_css_main_element=\u00bbmargin:auto;\u00bb global_colors_info=\u00bb{}\u00bb][et_pb_text _builder_version=\u00bb4.27.4&#8243; _module_preset=\u00bb2c0a182e-9761-43ca-9f5d-06ca796f5019&#8243; text_orientation=\u00bbcenter\u00bb global_colors_info=\u00bb{}\u00bb]<\/p>\n<h2>Aqu\u00ed para ti, en cada paso del camino<\/h2>\n<p>Ya sea que te est\u00e9s preparando para el final de una vida, organizando un funeral o lidiando con el duelo, puede ser dif\u00edcil saber por d\u00f3nde empezar. Mi papel es guiarte suavemente a trav\u00e9s de todo, con compasi\u00f3n, claridad y cuidado. <\/p>\n<p>Cuando estamos en nuestro estado m\u00e1s vulnerable, deber\u00edamos poder apoyarnos y confiar en los profesionales que nos rodean. Como profesional, me recuerdo a m\u00ed misma todos los d\u00edas que esta puede ser la primera vez que te enfrentas a algo as\u00ed. Mi trabajo es encontrarme contigo all\u00ed, y caminar a tu lado.  <\/p>\n<p>Ya sea para informaci\u00f3n, organizaci\u00f3n o simplemente un o\u00eddo atento, estar\u00e9 all\u00ed para apoyarte.<\/p>\n<p>[\/et_pb_text][\/et_pb_column][\/et_pb_row][\/et_pb_section][et_pb_section fb_built=\u00bb1&#8243; _builder_version=\u00bb4.25.1&#8243; _module_preset=\u00bbdefault\u00bb background_color=\u00bbgcid-01bd1eaa-8192-4261-87d0-6f09e6404786&#8243; saved_tabs=\u00bball\u00bb global_colors_info=\u00bb{%22gcid-01bd1eaa-8192-4261-87d0-6f09e6404786%22:%91%22background_color%22%93}\u00bb][et_pb_row column_structure=\u00bb1_2,1_4,1_4&#8243; use_custom_gutter=\u00bbon\u00bb gutter_width=\u00bb2&#8243; make_equal=\u00bbon\u00bb _builder_version=\u00bb4.27.4&#8243; _module_preset=\u00bbdefault\u00bb custom_padding=\u00bb16px||||false|false\u00bb global_colors_info=\u00bb{}\u00bb][et_pb_column type=\u00bb1_2&#8243; module_class=\u00bbsecond-on-mobile\u00bb _builder_version=\u00bb4.16&#8243; _module_preset=\u00bbdefault\u00bb global_colors_info=\u00bb{}\u00bb][et_pb_text _builder_version=\u00bb4.27.4&#8243; _module_preset=\u00bbdefault\u00bb global_colors_info=\u00bb{}\u00bb]<\/p>\n<h2>Si necesitas mi ayuda, eso es lo que te voy a dar.<\/h2>\n<p>El duelo, la muerte y las grandes transiciones en la vida pueden ser abrumadores. Pero no tienes que hacerlo solo. Tengo como objetivo asegurarme de que tengas todo lo que necesitas, en tu propio tiempo y a tu manera.  <\/p>\n<p>Puede que te preguntes: \u00bfEs Glynis la persona adecuada para ayudarme ahora mismo?<\/p>\n<h3>Aqu\u00ed hay algunas cosas que dan forma a mi forma de trabajar:<\/h3>\n<p>Soy accesible, honesta y no tengo miedo de hablar por ti cuando hace falta.<\/p>\n<p>He pasado tiempo como voluntario con DIME, visitando a los enfermos terminales aqu\u00ed en Mallorca, aprendiendo a escuchar de verdad y a ofrecer consuelo.<\/p>\n<p>En 2015, present\u00e9 el Death Caf\u00e9 a Mallorca. En 2020, fund\u00e9 el primer festival nacional sobre la muerte de Espa\u00f1a, prueba de que no tengo miedo de iniciar conversaciones que importan. <\/p>\n<p>Creo en ser real, a veces mandona, siempre sonriente y profundamente comprometida a estar presente contigo en tu historia.<\/p>\n<p>[\/et_pb_text][et_pb_button button_url=\u00bb@ET-DC@eyJkeW5hbWljIjp0cnVlLCJjb250ZW50IjoicG9zdF9saW5rX3VybF9wYWdlIiwic2V0dGluZ3MiOnsicG9zdF9pZCI6IjIwIiwiZW5hYmxlX2h0bWwiOiJvZmYifX0=@\u00bb button_text=\u00bbP\u00f3nte en contacto\u00bb _builder_version=\u00bb4.27.4&#8243; _dynamic_attributes=\u00bbbutton_url\u00bb _module_preset=\u00bb3b4ba22f-a751-4319-9321-2f66d685df75&#8243; global_colors_info=\u00bb{}\u00bb][\/et_pb_button][\/et_pb_column][et_pb_column type=\u00bb1_4&#8243; _builder_version=\u00bb4.27.4&#8243; _module_preset=\u00bbdefault\u00bb global_colors_info=\u00bb{}\u00bb][et_pb_image src=\u00bbhttps:\/\/glynisgermanfunerals.com\/wp-content\/uploads\/2025\/09\/death-cafe-mallorca-with-glynis.webp\u00bb title_text=\u00bbdeath-cafe-mallorca-with-glynis\u00bb _builder_version=\u00bb4.27.4&#8243; _module_preset=\u00bbdefault\u00bb custom_margin=\u00bb||30px||false|false\u00bb global_colors_info=\u00bb{}\u00bb][\/et_pb_image][et_pb_image src=\u00bbhttps:\/\/glynisgermanfunerals.com\/wp-content\/uploads\/2025\/07\/mallorca-funerals-sq1.jpg\u00bb title_text=\u00bbmallorca-funerales-sq1&#8243; _builder_version=\u00bb4.27.4&#8243; _module_preset=\u00bbdefault\u00bb custom_margin=\u00bb||30px||false|false\u00bb global_colors_info=\u00bb{}\u00bb][\/et_pb_image][\/et_pb_column][et_pb_column type=\u00bb1_4&#8243; _builder_version=\u00bb4.27.4&#8243; _module_preset=\u00bbdefault\u00bb global_colors_info=\u00bb{}\u00bb][et_pb_image src=\u00bbhttps:\/\/glynisgermanfunerals.com\/wp-content\/uploads\/2025\/07\/glynis-german-funerals-mallorca-sq18.jpg\u00bb title_text=\u00bbglynis-german-funerales-mallorca-sq18&#8243; _builder_version=\u00bb4.27.4&#8243; _module_preset=\u00bbdefault\u00bb custom_margin=\u00bb||30px||false|false\u00bb global_colors_info=\u00bb{}\u00bb][\/et_pb_image][et_pb_image src=\u00bbhttps:\/\/glynisgermanfunerals.com\/wp-content\/uploads\/2025\/07\/glynis-german-funerals-sq4.jpg\u00bb title_text=\u00bbglynis-german-funerales-sq4&#8243; _builder_version=\u00bb4.27.4&#8243; _module_preset=\u00bbdefault\u00bb custom_margin=\u00bb||30px||false|false\u00bb global_colors_info=\u00bb{}\u00bb][\/et_pb_image][\/et_pb_column][\/et_pb_row][\/et_pb_section][et_pb_section fb_built=\u00bb1&#8243; _builder_version=\u00bb4.27.4&#8243; _module_preset=\u00bbdefault\u00bb background_color=\u00bb#FCFCFC\u00bb saved_tabs=\u00bball\u00bb global_colors_info=\u00bb{}\u00bb][et_pb_row column_structure=\u00bb1_2,1_2&#8243; make_equal=\u00bbon\u00bb _builder_version=\u00bb4.27.4&#8243; _module_preset=\u00bbdefault\u00bb global_colors_info=\u00bb{}\u00bb][et_pb_column type=\u00bb1_2&#8243; _builder_version=\u00bb4.25.0&#8243; _module_preset=\u00bbdefault\u00bb global_colors_info=\u00bb{}\u00bb][et_pb_video src=\u00bbhttps:\/\/youtu.be\/qFJ3BemJA9c\u00bb _builder_version=\u00bb4.27.4&#8243; _module_preset=\u00bbdefault\u00bb global_colors_info=\u00bb{}\u00bb][\/et_pb_video][\/et_pb_column][et_pb_column type=\u00bb1_2&#8243; _builder_version=\u00bb4.27.4&#8243; _module_preset=\u00bbdefault\u00bb custom_css_main_element=\u00bbmargin:auto 0 0;\u00bb global_colors_info=\u00bb{}\u00bb][et_pb_text _builder_version=\u00bb4.27.4&#8243; _module_preset=\u00bbdefault\u00bb header_2_font_size=\u00bb2vw\u00bb global_colors_info=\u00bb{}\u00bb]<\/p>\n<h2>Arraizada en la familia, guiada por el prop\u00f3sito<\/h2>\n<p>Tuve la inmensa fortuna de que me criaran unos padres y unos abuelos fuertes y cari\u00f1osos que me ayudaron a sentirme c\u00f3moda con la vida y la muerte. Su influencia me dio la confianza para vivir de todo coraz\u00f3n y apoyar a los dem\u00e1s mientras se enfrentan a los \u00faltimos cap\u00edtulos de la vida. <\/p>\n<p>La capacitaci\u00f3n adicional, incluyendo Living Well Dying Well en el Reino Unido, me ha equipado con las herramientas para guiarte, apoyarte y defenderte cuando m\u00e1s lo necesites.<\/p>\n<p>Nac\u00ed para hacer este trabajo, y considero que es un honor estar all\u00ed para las familias a las que sirvo.<\/p>\n<p>[\/et_pb_text][\/et_pb_column][\/et_pb_row][\/et_pb_section][et_pb_section fb_built=\u00bb1&#8243; _builder_version=\u00bb4.27.4&#8243; _module_preset=\u00bbdefault\u00bb custom_margin=\u00bb||0px||false|false\u00bb custom_padding=\u00bb||20px||false|false\u00bb locked=\u00bboff\u00bb global_colors_info=\u00bb{}\u00bb][et_pb_row column_structure=\u00bb1_5,1_5,1_5,1_5,1_5&#8243; _builder_version=\u00bb4.27.4&#8243; _module_preset=\u00bbdefault\u00bb global_colors_info=\u00bb{}\u00bb][et_pb_column type=\u00bb1_5&#8243; _builder_version=\u00bb4.27.4&#8243; _module_preset=\u00bbdefault\u00bb global_colors_info=\u00bb{}\u00bb][et_pb_image src=\u00bbhttps:\/\/glynisgermanfunerals.com\/wp-content\/uploads\/2025\/03\/image-placeholder.jpg\u00bb _builder_version=\u00bb4.27.4&#8243; _module_preset=\u00bbdefault\u00bb title_text=\u00bbmarcador de posici\u00f3n de imagen\u00bb hover_enabled=\u00bb0&#8243; sticky_enabled=\u00bb0&#8243; disabled_on=\u00bbon|on|on\u00bb disabled=\u00bbon\u00bb][\/et_pb_image][\/et_pb_column][et_pb_column type=\u00bb1_5&#8243; _builder_version=\u00bb4.27.4&#8243; _module_preset=\u00bbdefault\u00bb global_colors_info=\u00bb{}\u00bb][et_pb_image src=\u00bbhttps:\/\/glynisgermanfunerals.com\/wp-content\/uploads\/2025\/07\/EoL-UK-logo.png\u00bb title_text=\u00bbEoL UK logo\u00bb _builder_version=\u00bb4.27.4&#8243; _module_preset=\u00bbdefault\u00bb global_colors_info=\u00bb{}\u00bb][\/et_pb_image][\/et_pb_column][et_pb_column type=\u00bb1_5&#8243; _builder_version=\u00bb4.27.4&#8243; _module_preset=\u00bbdefault\u00bb global_colors_info=\u00bb{}\u00bb][et_pb_image src=\u00bbhttps:\/\/glynisgermanfunerals.com\/wp-content\/uploads\/2025\/07\/fpc-logo-small.jpg\u00bb title_text=\u00bbfpc-logo-small\u00bb _builder_version=\u00bb4.27.4&#8243; _module_preset=\u00bbdefault\u00bb module_alignment=\u00bbcenter\u00bb global_colors_info=\u00bb{}\u00bb][\/et_pb_image][\/et_pb_column][et_pb_column type=\u00bb1_5&#8243; _builder_version=\u00bb4.27.4&#8243; _module_preset=\u00bbdefault\u00bb global_colors_info=\u00bb{}\u00bb][et_pb_image src=\u00bbhttps:\/\/glynisgermanfunerals.com\/wp-content\/uploads\/2025\/07\/fcc-accord-digital-badge.png\u00bb title_text=\u00bbfcc-accord-digital-badge\u00bb _builder_version=\u00bb4.27.4&#8243; _module_preset=\u00bbdefault\u00bb global_colors_info=\u00bb{}\u00bb][\/et_pb_image][\/et_pb_column][et_pb_column type=\u00bb1_5&#8243; _builder_version=\u00bb4.27.4&#8243; _module_preset=\u00bbdefault\u00bb global_colors_info=\u00bb{}\u00bb][et_pb_image src=\u00bbhttps:\/\/glynisgermanfunerals.com\/wp-content\/uploads\/2025\/03\/image-placeholder.jpg\u00bb _builder_version=\u00bb4.27.4&#8243; _module_preset=\u00bbdefault\u00bb title_text=\u00bbmarcador de posici\u00f3n de imagen\u00bb hover_enabled=\u00bb0&#8243; sticky_enabled=\u00bb0&#8243; disabled_on=\u00bbon|on|on\u00bb disabled=\u00bbon\u00bb][\/et_pb_image][\/et_pb_column][\/et_pb_row][et_pb_row _builder_version=\u00bb4.27.4&#8243; _module_preset=\u00bbdefault\u00bb positioning=\u00bbabsolute\u00bb position_origin_a=\u00bbtop_center\u00bb vertical_offset=\u00bb-20px\u00bb custom_padding=\u00bb0px||0px||false|false\u00bb global_module=\u00bb409&#8243; saved_tabs=\u00bball\u00bb global_colors_info=\u00bb{}\u00bb][et_pb_column type=\u00bb4_4&#8243; _builder_version=\u00bb4.27.4&#8243; _module_preset=\u00bbdefault\u00bb global_colors_info=\u00bb{}\u00bb][et_pb_image src=\u00bbhttps:\/\/glynisgermanfunerals.com\/wp-content\/uploads\/2025\/07\/glnyis-german-funerals-logo-1.png\u00bb title_text=\u00bbglnyis-german-funerals-logo\u00bb align=\u00bbcenter\u00bb _builder_version=\u00bb4.27.4&#8243; _module_preset=\u00bbdefault\u00bb width=\u00bb50px\u00bb global_colors_info=\u00bb{}\u00bb][\/et_pb_image][\/et_pb_column][\/et_pb_row][\/et_pb_section][et_pb_section fb_built=\u00bb1&#8243; _builder_version=\u00bb4.27.4&#8243; _module_preset=\u00bbdefault\u00bb background_color=\u00bbgcid-01bd1eaa-8192-4261-87d0-6f09e6404786&#8243; saved_tabs=\u00bball\u00bb locked=\u00bboff\u00bb global_colors_info=\u00bb{%22gcid-01bd1eaa-8192-4261-87d0-6f09e6404786%22:%91%22background_color%22%93}\u00bb][et_pb_row column_structure=\u00bb1_2,1_2&#8243; _builder_version=\u00bb4.27.4&#8243; _module_preset=\u00bbdefault\u00bb custom_padding=\u00bb||0px||false|false\u00bb locked=\u00bboff\u00bb global_colors_info=\u00bb{}\u00bb][et_pb_column type=\u00bb1_2&#8243; _builder_version=\u00bb4.24.3&#8243; _module_preset=\u00bbdefault\u00bb global_colors_info=\u00bb{}\u00bb][et_pb_text _builder_version=\u00bb4.27.4&#8243; _module_preset=\u00bbdefault\u00bb global_colors_info=\u00bb{}\u00bb]<\/p>\n<h2>Lo que dicen las familias<\/h2>\n<p>[\/et_pb_text][\/et_pb_column][et_pb_column type=\u00bb1_2&#8243; _builder_version=\u00bb4.24.3&#8243; _module_preset=\u00bbdefault\u00bb global_colors_info=\u00bb{}\u00bb][et_pb_image src=\u00bbhttps:\/\/glynisgermanfunerals.com\/wp-content\/uploads\/2025\/07\/quote-1.png\u00bb title_text=\u00bbcomillas\u00bb _builder_version=\u00bb4.27.4&#8243; _module_preset=\u00bbdefault\u00bb max_width=\u00bb80px\u00bb module_alignment=\u00bbright\u00bb custom_margin=\u00bb|-40px|||false|false\u00bb global_colors_info=\u00bb{}\u00bb][\/et_pb_image][\/et_pb_column][\/et_pb_row][et_pb_row _builder_version=\u00bb4.24.3&#8243; _module_preset=\u00bbdefault\u00bb custom_padding=\u00bb||0px||false|false\u00bb locked=\u00bboff\u00bb global_colors_info=\u00bb{}\u00bb][et_pb_column type=\u00bb4_4&#8243; _builder_version=\u00bb4.24.3&#8243; _module_preset=\u00bbdefault\u00bb global_colors_info=\u00bb{}\u00bb][dsm_post_carousel post_type=\u00bbtestimonial\u00bb dsm_include_testimonial_testimonial-category=\u00bb8&#8243; use_thumbnail=\u00bboff\u00bb use_title=\u00bboff\u00bb excerpt_length=\u00bb200&#8243; use_date=\u00bboff\u00bb use_author=\u00bboff\u00bb spacing=\u00bb45&#8243; speed=\u00bb600&#8243; pause_on_hover=\u00bbon\u00bb pagi_color=\u00bb#800000&#8243; pagi_active_color=\u00bb#592131&#8243; pagi_style=\u00bbdynamic\u00bb navi_color=\u00bb#800000&#8243; post_equal_height=\u00bbon\u00bb post_item_bg_color=\u00bbrgba(255,255,255,0.7)\u00bb content_wrapper=\u00bb30px|30px|30px|30px|true|true\u00bb _builder_version=\u00bb4.27.4&#8243; _module_preset=\u00bbdefault\u00bb custom_margin=\u00bb||42px||false|false\u00bb global_colors_info=\u00bb{}\u00bb][\/dsm_post_carousel][et_pb_image src=\u00bbhttps:\/\/glynisgermanfunerals.com\/wp-content\/uploads\/2025\/07\/quote-1.png\u00bb title_text=\u00bbcomillas\u00bb _builder_version=\u00bb4.27.4&#8243; _module_preset=\u00bbdefault\u00bb transform_rotate=\u00bb0deg|0deg|180deg\u00bb max_width=\u00bb80px\u00bb custom_margin=\u00bb|||-30px|false|false\u00bb global_colors_info=\u00bb{}\u00bb][\/et_pb_image][\/et_pb_column][\/et_pb_row][\/et_pb_section][et_pb_section fb_built=\u00bb1&#8243; _builder_version=\u00bb4.27.4&#8243; _module_preset=\u00bbdefault\u00bb global_colors_info=\u00bb{}\u00bb][et_pb_row _builder_version=\u00bb4.27.4&#8243; _module_preset=\u00bbdefault\u00bb positioning=\u00bbabsolute\u00bb position_origin_a=\u00bbtop_center\u00bb vertical_offset=\u00bb-20px\u00bb custom_padding=\u00bb0px||0px||false|false\u00bb global_module=\u00bb409&#8243; saved_tabs=\u00bball\u00bb global_colors_info=\u00bb{}\u00bb][et_pb_column type=\u00bb4_4&#8243; _builder_version=\u00bb4.27.4&#8243; _module_preset=\u00bbdefault\u00bb global_colors_info=\u00bb{}\u00bb][et_pb_image src=\u00bbhttps:\/\/glynisgermanfunerals.com\/wp-content\/uploads\/2025\/07\/glnyis-german-funerals-logo-1.png\u00bb title_text=\u00bbglnyis-german-funerals-logo\u00bb align=\u00bbcenter\u00bb _builder_version=\u00bb4.27.4&#8243; _module_preset=\u00bbdefault\u00bb width=\u00bb50px\u00bb global_colors_info=\u00bb{}\u00bb][\/et_pb_image][\/et_pb_column][\/et_pb_row][et_pb_row _builder_version=\u00bb4.24.3&#8243; _module_preset=\u00bbdefault\u00bb global_colors_info=\u00bb{}\u00bb][et_pb_column type=\u00bb4_4&#8243; _builder_version=\u00bb4.16&#8243; _module_preset=\u00bbdefault\u00bb global_colors_info=\u00bb{}\u00bb][et_pb_text _builder_version=\u00bb4.27.4&#8243; _module_preset=\u00bbdefault\u00bb global_colors_info=\u00bb{}\u00bb]<\/p>\n<h2>Demos juntos el primer paso<\/h2>\n<p>Ya sea que te est\u00e9s preparando para el final de una vida, organizando un funeral o navegando por el dolor, puede ser dif\u00edcil saber por d\u00f3nde empezar. Mi papel es guiarte suavemente a trav\u00e9s de todo, con compasi\u00f3n, claridad y cuidado. As\u00ed es como empezamos.  <\/p>\n<p>[\/et_pb_text][\/et_pb_column][\/et_pb_row][et_pb_row column_structure=\u00bb1_3,1_3,1_3&#8243; make_equal=\u00bbon\u00bb _builder_version=\u00bb4.24.3&#8243; _module_preset=\u00bbdefault\u00bb custom_margin=\u00bb|auto|16px|auto||\u00bb custom_css_main_element=\u00bbmargin-bottom: 75px;\u00bb global_colors_info=\u00bb{}\u00bb custom_css_after_last_edited=\u00bbon|desktop\u00bb][et_pb_column type=\u00bb1_3&#8243; _builder_version=\u00bb4.25.0&#8243; _module_preset=\u00bbdefault\u00bb global_colors_info=\u00bb{}\u00bb custom_css_main_element_last_edited=\u00bbon|tablet\u00bb custom_css_main_element_tablet=\u00bbmargin-bottom: 75px;\u00bb custom_css_main_element_phone=\u00bbmargin-bottom: 75px;\u00bb][et_pb_image src=\u00bbhttps:\/\/glynisgermanfunerals.com\/wp-content\/uploads\/2025\/07\/steps-01.png\u00bb alt=\u00bbplaceholder\u00bb title_text=\u00bbpasos-01&#8243; _builder_version=\u00bb4.27.4&#8243; _module_preset=\u00bbdefault\u00bb module_alignment=\u00bbleft\u00bb max_height=\u00bb100px\u00bb global_colors_info=\u00bb{}\u00bb][\/et_pb_image][et_pb_text _builder_version=\u00bb4.27.4&#8243; _module_preset=\u00bbdefault\u00bb text_font=\u00bb||||||||\u00bb header_2_text_align=\u00bbleft\u00bb header_2_font_size=\u00bb4vw\u00bb global_colors_info=\u00bb{}\u00bb]<\/p>\n<h3>Ponte en contacto<\/h3>\n<p>Ya sea que te enfrentes al final de una vida, est\u00e9s planeando un funeral o buscando apoyo para el duelo, busca una charla inicial, sin presi\u00f3n, solo espacio para hablar.<\/p>\n<p>[\/et_pb_text][\/et_pb_column][et_pb_column type=\u00bb1_3&#8243; _builder_version=\u00bb4.25.0&#8243; _module_preset=\u00bbdefault\u00bb global_colors_info=\u00bb{}\u00bb custom_css_main_element_last_edited=\u00bbon|tablet\u00bb custom_css_main_element_tablet=\u00bbmargin-bottom:75px;\u00bb custom_css_main_element_phone=\u00bbmargin-bottom:75px;\u00bb][et_pb_image src=\u00bbhttps:\/\/glynisgermanfunerals.com\/wp-content\/uploads\/2025\/07\/steps-02.png\u00bb alt=\u00bbplaceholder\u00bb title_text=\u00bbpasos-02&#8243; _builder_version=\u00bb4.27.4&#8243; _module_preset=\u00bbdefault\u00bb module_alignment=\u00bbleft\u00bb max_height=\u00bb100px\u00bb global_colors_info=\u00bb{}\u00bb][\/et_pb_image][et_pb_text _builder_version=\u00bb4.27.4&#8243; _module_preset=\u00bbdefault\u00bb text_font=\u00bb||||||||\u00bb header_2_text_align=\u00bbleft\u00bb header_2_font_size=\u00bb4vw\u00bb global_colors_info=\u00bb{}\u00bb]<\/p>\n<h3>Hacemos un plan<\/h3>\n<p>Juntos, creamos un plan tranquilo y considerado que honra tus necesidades, desde una gu\u00eda suave que te orienta en el final de una vida hasta ceremonias significativas y apoyo continuo.<\/p>\n<p>[\/et_pb_text][\/et_pb_column][et_pb_column type=\u00bb1_3&#8243; _builder_version=\u00bb4.25.0&#8243; _module_preset=\u00bbdefault\u00bb global_colors_info=\u00bb{}\u00bb][et_pb_image src=\u00bbhttps:\/\/glynisgermanfunerals.com\/wp-content\/uploads\/2025\/07\/steps-03.png\u00bb alt=\u00bbplaceholder\u00bb title_text=\u00bbpasos-03&#8243; _builder_version=\u00bb4.27.4&#8243; _module_preset=\u00bbdefault\u00bb module_alignment=\u00bbleft\u00bb max_height=\u00bb100px\u00bb global_colors_info=\u00bb{}\u00bb][\/et_pb_image][et_pb_text _builder_version=\u00bb4.27.4&#8243; _module_preset=\u00bbdefault\u00bb text_font=\u00bb||||||||\u00bb header_2_text_align=\u00bbleft\u00bb header_2_font_size=\u00bb4vw\u00bb global_colors_info=\u00bb{}\u00bb]<\/p>\n<h3>Te sientes en paz<\/h3>\n<p>Con todo arreglado, puedes concentrarte en estar presente, con paz mental, espacio para llorar y tiempo para celebrar una vida bien vivida.<\/p>\n<p>[\/et_pb_text][\/et_pb_column][\/et_pb_row][et_pb_row _builder_version=\u00bb4.27.4&#8243; _module_preset=\u00bbdefault\u00bb global_colors_info=\u00bb{}\u00bb][et_pb_column type=\u00bb4_4&#8243; _builder_version=\u00bb4.27.4&#8243; _module_preset=\u00bbdefault\u00bb global_colors_info=\u00bb{}\u00bb][et_pb_button button_url=\u00bb@ET-DC@eyJkeW5hbWljIjp0cnVlLCJjb250ZW50IjoicG9zdF9saW5rX3VybF9wYWdlIiwic2V0dGluZ3MiOnsicG9zdF9pZCI6IjIwIiwiZW5hYmxlX2h0bWwiOiJvZmYifX0=@\u00bb button_text=\u00bbP\u00f3nte en contacto\u00bb button_alignment=\u00bbleft\u00bb _builder_version=\u00bb4.27.4&#8243; _dynamic_attributes=\u00bbbutton_url\u00bb _module_preset=\u00bbdefault\u00bb global_colors_info=\u00bb{}\u00bb][\/et_pb_button][\/et_pb_column][\/et_pb_row][\/et_pb_section]<\/p>\n","protected":false},"excerpt":{"rendered":"<p>Conoce a Glynis Doula para final de la vida, celebrante y tu compa\u00f1ero en los momentos m\u00e1s conmovedores de la vida.FuneralesDueloFin de la vidaAqu\u00ed para ti, en cada paso del camino Ya sea que te est\u00e9s preparando para el final de una vida, organizando un funeral o lidiando con el duelo, puede ser dif\u00edcil saber por d\u00f3nde empezar. Mi papel es guiarte suavemente a trav\u00e9s de todo, con compasi\u00f3n, claridad y cuidado. Cuando estamos en nuestro estado m\u00e1s vulnerable, deber\u00edamos poder apoyarnos y confiar en los profesionales que nos rodean. Como profesional, me recuerdo a m\u00ed misma todos los d\u00edas que esta puede ser la primera vez que te enfrentas a algo as\u00ed. Mi trabajo es encontrarme contigo all\u00ed, y caminar a tu lado. Ya sea para informaci\u00f3n, organizaci\u00f3n o simplemente un o\u00eddo atento, estar\u00e9 all\u00ed para apoyarte.Si necesitas mi ayuda, eso es lo que te voy a dar. El duelo, la muerte y las grandes transiciones en la vida pueden ser abrumadores. Pero no tienes que hacerlo solo. Tengo como objetivo asegurarme de que tengas todo lo que necesitas, en tu propio tiempo y a tu manera. Puede que te preguntes: \u00bfEs Glynis la persona adecuada para ayudarme ahora [&hellip;]<\/p>\n","protected":false},"author":1,"featured_media":0,"parent":0,"menu_order":0,"comment_status":"closed","ping_status":"closed","template":"","meta":{"_acf_changed":false,"_et_pb_use_builder":"on","_et_pb_old_content":"","_et_gb_content_width":"","footnotes":""},"class_list":["post-760","page","type-page","status-publish","hentry"],"acf":[],"_links":{"self":[{"href":"https:\/\/glynisgermanfunerals.com\/es\/wp-json\/wp\/v2\/pages\/760","targetHints":{"allow":["GET"]}}],"collection":[{"href":"https:\/\/glynisgermanfunerals.com\/es\/wp-json\/wp\/v2\/pages"}],"about":[{"href":"https:\/\/glynisgermanfunerals.com\/es\/wp-json\/wp\/v2\/types\/page"}],"author":[{"embeddable":true,"href":"https:\/\/glynisgermanfunerals.com\/es\/wp-json\/wp\/v2\/users\/1"}],"replies":[{"embeddable":true,"href":"https:\/\/glynisgermanfunerals.com\/es\/wp-json\/wp\/v2\/comments?post=760"}],"version-history":[{"count":37,"href":"https:\/\/glynisgermanfunerals.com\/es\/wp-json\/wp\/v2\/pages\/760\/revisions"}],"predecessor-version":[{"id":1627,"href":"https:\/\/glynisgermanfunerals.com\/es\/wp-json\/wp\/v2\/pages\/760\/revisions\/1627"}],"wp:attachment":[{"href":"https:\/\/glynisgermanfunerals.com\/es\/wp-json\/wp\/v2\/media?parent=760"}],"curies":[{"name":"wp","href":"https:\/\/api.w.org\/{rel}","templated":true}]}}