{"id":1754,"date":"2025-12-19T12:31:58","date_gmt":"2025-12-19T11:31:58","guid":{"rendered":"https:\/\/glynisgermanfunerals.com\/suscribirte\/"},"modified":"2026-02-02T11:44:57","modified_gmt":"2026-02-02T10:44:57","slug":"suscribirte","status":"publish","type":"page","link":"https:\/\/glynisgermanfunerals.com\/es\/suscribirte\/","title":{"rendered":"Suscribirte"},"content":{"rendered":"<p>[et_pb_section fb_built=\u00bb1&#8243; _builder_version=\u00bb4.25.1&#8243; _module_preset=\u00bbdefault\u00bb background_color=\u00bb#FFFFFF\u00bb global_colors_info=\u00bb{}\u00bb][et_pb_row column_structure=\u00bb2_5,3_5&#8243; make_equal=\u00bbon\u00bb _builder_version=\u00bb4.27.4&#8243; _module_preset=\u00bbdefault\u00bb global_colors_info=\u00bb{}\u00bb][et_pb_column type=\u00bb2_5&#8243; _builder_version=\u00bb4.24.3&#8243; _module_preset=\u00bbdefault\u00bb custom_css_main_element=\u00bbmargin:auto;\u00bb global_colors_info=\u00bb{}\u00bb][et_pb_image src=\u00bbhttps:\/\/glynisgermanfunerals.com\/wp-content\/uploads\/2025\/12\/newsletterAsset-2@300x.webp\u00bb alt=\u00bbnewsletter icon<br \/>\n\u00bb title_text=\u00bbnewsletterAsset 2@300x\u00bb _builder_version=\u00bb4.27.4&#8243; _module_preset=\u00bbdefault\u00bb global_colors_info=\u00bb{}\u00bb][\/et_pb_image][\/et_pb_column][et_pb_column type=\u00bb3_5&#8243; _builder_version=\u00bb4.24.3&#8243; _module_preset=\u00bbdefault\u00bb custom_css_main_element=\u00bbmargin:auto;\u00bb global_colors_info=\u00bb{}\u00bb][et_pb_text _builder_version=\u00bb4.27.5&#8243; _module_preset=\u00bbdefault\u00bb hover_enabled=\u00bb0&#8243; global_colors_info=\u00bb{}\u00bb sticky_enabled=\u00bb0&#8243;]<\/p>\n<h1>Gu\u00eda y apoyo directo en tu correo<\/h1>\n<p>Suscr\u00edbete para recibir orientaci\u00f3n clara y reconfortante sobre qu\u00e9 hacer si t\u00fa, o un ser querido os enfrent\u00e1is a una enfermedad, una p\u00e9rdida o un duelo y para recibir noticias sobre pr\u00f3ximos Death Cafes, retiros de duelo y maneras de darle sentido a las experiencias al final de la vida.<\/p>\n<div class=\"ml-embedded\" data-form=\"ChhrQn\"><\/div>\n<p>[\/et_pb_text][\/et_pb_column][\/et_pb_row][\/et_pb_section]<\/p>\n","protected":false},"excerpt":{"rendered":"<p>Gu\u00eda y apoyo directo en tu correo Suscr\u00edbete para recibir orientaci\u00f3n clara y reconfortante sobre qu\u00e9 hacer si t\u00fa, o un ser querido os enfrent\u00e1is a una enfermedad, una p\u00e9rdida o un duelo y para recibir noticias sobre pr\u00f3ximos Death Cafes, retiros de duelo y maneras de darle sentido a las experiencias al final de la vida.<\/p>\n","protected":false},"author":1,"featured_media":0,"parent":0,"menu_order":0,"comment_status":"closed","ping_status":"closed","template":"","meta":{"_acf_changed":false,"_et_pb_use_builder":"on","_et_pb_old_content":"","_et_gb_content_width":"","footnotes":""},"class_list":["post-1754","page","type-page","status-publish","hentry"],"acf":[],"_links":{"self":[{"href":"https:\/\/glynisgermanfunerals.com\/es\/wp-json\/wp\/v2\/pages\/1754","targetHints":{"allow":["GET"]}}],"collection":[{"href":"https:\/\/glynisgermanfunerals.com\/es\/wp-json\/wp\/v2\/pages"}],"about":[{"href":"https:\/\/glynisgermanfunerals.com\/es\/wp-json\/wp\/v2\/types\/page"}],"author":[{"embeddable":true,"href":"https:\/\/glynisgermanfunerals.com\/es\/wp-json\/wp\/v2\/users\/1"}],"replies":[{"embeddable":true,"href":"https:\/\/glynisgermanfunerals.com\/es\/wp-json\/wp\/v2\/comments?post=1754"}],"version-history":[{"count":12,"href":"https:\/\/glynisgermanfunerals.com\/es\/wp-json\/wp\/v2\/pages\/1754\/revisions"}],"predecessor-version":[{"id":1773,"href":"https:\/\/glynisgermanfunerals.com\/es\/wp-json\/wp\/v2\/pages\/1754\/revisions\/1773"}],"wp:attachment":[{"href":"https:\/\/glynisgermanfunerals.com\/es\/wp-json\/wp\/v2\/media?parent=1754"}],"curies":[{"name":"wp","href":"https:\/\/api.w.org\/{rel}","templated":true}]}}